{"id":47,"date":"2023-10-17T18:11:15","date_gmt":"2023-10-17T23:11:15","guid":{"rendered":"https:\/\/ccv-avaluos.com\/?page_id=47"},"modified":"2024-01-10T19:13:25","modified_gmt":"2024-01-11T00:13:25","slug":"topografia","status":"publish","type":"page","link":"https:\/\/ccv-avaluos.com\/index.php\/topografia\/","title":{"rendered":"Servicio de Topograf\u00eda"},"content":{"rendered":"\n<figure class=\"wp-block-gallery has-nested-images columns-default is-cropped wp-block-gallery-1 is-layout-flex wp-block-gallery-is-layout-flex\">\n<figure class=\"wp-block-image size-large\"><img decoding=\"async\" loading=\"lazy\" width=\"1024\" height=\"768\" data-id=\"63\" src=\"https:\/\/ccv-avaluos.com\/wp-content\/uploads\/2023\/10\/WhatsApp-Image-2023-10-17-at-5.49.00-PM-1-2-1024x768.jpeg\" alt=\"\" class=\"wp-image-63\" srcset=\"https:\/\/ccv-avaluos.com\/wp-content\/uploads\/2023\/10\/WhatsApp-Image-2023-10-17-at-5.49.00-PM-1-2-1024x768.jpeg 1024w, https:\/\/ccv-avaluos.com\/wp-content\/uploads\/2023\/10\/WhatsApp-Image-2023-10-17-at-5.49.00-PM-1-2-300x225.jpeg 300w, https:\/\/ccv-avaluos.com\/wp-content\/uploads\/2023\/10\/WhatsApp-Image-2023-10-17-at-5.49.00-PM-1-2-768x576.jpeg 768w, https:\/\/ccv-avaluos.com\/wp-content\/uploads\/2023\/10\/WhatsApp-Image-2023-10-17-at-5.49.00-PM-1-2-1536x1152.jpeg 1536w, https:\/\/ccv-avaluos.com\/wp-content\/uploads\/2023\/10\/WhatsApp-Image-2023-10-17-at-5.49.00-PM-1-2.jpeg 1600w\" sizes=\"(max-width: 1024px) 100vw, 1024px\" \/><\/figure>\n\n\n\n<figure class=\"wp-block-image size-large\"><img decoding=\"async\" loading=\"lazy\" width=\"768\" height=\"1024\" data-id=\"65\" src=\"https:\/\/ccv-avaluos.com\/wp-content\/uploads\/2023\/10\/WhatsApp-Image-2023-10-17-at-5.49.02-PM-1-1-768x1024.jpeg\" alt=\"\" class=\"wp-image-65\" srcset=\"https:\/\/ccv-avaluos.com\/wp-content\/uploads\/2023\/10\/WhatsApp-Image-2023-10-17-at-5.49.02-PM-1-1-768x1024.jpeg 768w, https:\/\/ccv-avaluos.com\/wp-content\/uploads\/2023\/10\/WhatsApp-Image-2023-10-17-at-5.49.02-PM-1-1-225x300.jpeg 225w, https:\/\/ccv-avaluos.com\/wp-content\/uploads\/2023\/10\/WhatsApp-Image-2023-10-17-at-5.49.02-PM-1-1-1152x1536.jpeg 1152w, https:\/\/ccv-avaluos.com\/wp-content\/uploads\/2023\/10\/WhatsApp-Image-2023-10-17-at-5.49.02-PM-1-1.jpeg 1200w\" sizes=\"(max-width: 768px) 100vw, 768px\" \/><\/figure>\n\n\n\n<figure class=\"wp-block-image size-large\"><img decoding=\"async\" loading=\"lazy\" width=\"768\" height=\"1024\" data-id=\"136\" src=\"http:\/\/ccv-avaluos.com\/wp-content\/uploads\/2024\/01\/WhatsApp-Image-2024-01-10-at-5.37.36-PM-768x1024.jpeg\" alt=\"\" class=\"wp-image-136\" srcset=\"https:\/\/ccv-avaluos.com\/wp-content\/uploads\/2024\/01\/WhatsApp-Image-2024-01-10-at-5.37.36-PM-768x1024.jpeg 768w, https:\/\/ccv-avaluos.com\/wp-content\/uploads\/2024\/01\/WhatsApp-Image-2024-01-10-at-5.37.36-PM-225x300.jpeg 225w, https:\/\/ccv-avaluos.com\/wp-content\/uploads\/2024\/01\/WhatsApp-Image-2024-01-10-at-5.37.36-PM.jpeg 780w\" sizes=\"(max-width: 768px) 100vw, 768px\" \/><\/figure>\n<\/figure>\n\n\n\n<ul>\n<li>Levantamientos Topogr\u00e1ficos: Planim\u00e9tricos y Altim\u00e9tricos<\/li>\n\n\n\n<li>Levantamientos Topogr\u00e1ficos con Drone<\/li>\n\n\n\n<li>Puntos de Control con equipos GNSS<\/li>\n\n\n\n<li>Replanteo de Coordenadas<\/li>\n\n\n\n<li>Englobes<\/li>\n\n\n\n<li>Subdivisiones<\/li>\n\n\n\n<li>Control de Linderos<\/li>\n\n\n\n<li>Control de Obra<\/li>\n\n\n\n<li>Aclaraci\u00f3n de Cabida y Linderos (todo el tramite)<\/li>\n<\/ul>\n","protected":false},"excerpt":{"rendered":"","protected":false},"author":1,"featured_media":160,"parent":0,"menu_order":0,"comment_status":"closed","ping_status":"closed","template":"","meta":{"om_disable_all_campaigns":false,"_monsterinsights_skip_tracking":false,"_monsterinsights_sitenote_active":false,"_monsterinsights_sitenote_note":"","_monsterinsights_sitenote_category":0,"footnotes":""},"aioseo_notices":[],"_links":{"self":[{"href":"https:\/\/ccv-avaluos.com\/index.php\/wp-json\/wp\/v2\/pages\/47"}],"collection":[{"href":"https:\/\/ccv-avaluos.com\/index.php\/wp-json\/wp\/v2\/pages"}],"about":[{"href":"https:\/\/ccv-avaluos.com\/index.php\/wp-json\/wp\/v2\/types\/page"}],"author":[{"embeddable":true,"href":"https:\/\/ccv-avaluos.com\/index.php\/wp-json\/wp\/v2\/users\/1"}],"replies":[{"embeddable":true,"href":"https:\/\/ccv-avaluos.com\/index.php\/wp-json\/wp\/v2\/comments?post=47"}],"version-history":[{"count":4,"href":"https:\/\/ccv-avaluos.com\/index.php\/wp-json\/wp\/v2\/pages\/47\/revisions"}],"predecessor-version":[{"id":177,"href":"https:\/\/ccv-avaluos.com\/index.php\/wp-json\/wp\/v2\/pages\/47\/revisions\/177"}],"wp:featuredmedia":[{"embeddable":true,"href":"https:\/\/ccv-avaluos.com\/index.php\/wp-json\/wp\/v2\/media\/160"}],"wp:attachment":[{"href":"https:\/\/ccv-avaluos.com\/index.php\/wp-json\/wp\/v2\/media?parent=47"}],"curies":[{"name":"wp","href":"https:\/\/api.w.org\/{rel}","templated":true}]}}