{"id":12,"date":"2023-10-17T17:11:51","date_gmt":"2023-10-17T22:11:51","guid":{"rendered":"https:\/\/ccv-avaluos.com\/?page_id=12"},"modified":"2024-01-10T19:12:42","modified_gmt":"2024-01-11T00:12:42","slug":"acerca-de","status":"publish","type":"page","link":"https:\/\/ccv-avaluos.com\/index.php\/acerca-de\/","title":{"rendered":"Servicio de Aval\u00faos"},"content":{"rendered":"\n<h2 class=\"wp-block-heading has-large-font-size\" id=\"inspiro-is-a-digital-product-agency-that-focuses-on-strategy-and-design\" style=\"font-style:normal;font-weight:100\">Podemos valorarlo todo!<\/h2>\n\n\n\n<div class=\"wp-block-columns alignwide is-layout-flex wp-container-4 wp-block-columns-is-layout-flex\">\n<div class=\"wp-block-column is-layout-flow wp-block-column-is-layout-flow\">\n<figure class=\"wp-block-image alignwide size-large\"><img decoding=\"async\" loading=\"lazy\" width=\"1024\" height=\"613\" src=\"http:\/\/ccv-avaluos.com\/wp-content\/uploads\/2024\/01\/cropped-IMG_20201021_134402-scaled-1-1024x613.jpg\" alt=\"\" class=\"wp-image-170\" srcset=\"https:\/\/ccv-avaluos.com\/wp-content\/uploads\/2024\/01\/cropped-IMG_20201021_134402-scaled-1-1024x613.jpg 1024w, https:\/\/ccv-avaluos.com\/wp-content\/uploads\/2024\/01\/cropped-IMG_20201021_134402-scaled-1-300x180.jpg 300w, https:\/\/ccv-avaluos.com\/wp-content\/uploads\/2024\/01\/cropped-IMG_20201021_134402-scaled-1-768x460.jpg 768w, https:\/\/ccv-avaluos.com\/wp-content\/uploads\/2024\/01\/cropped-IMG_20201021_134402-scaled-1-1536x920.jpg 1536w, https:\/\/ccv-avaluos.com\/wp-content\/uploads\/2024\/01\/cropped-IMG_20201021_134402-scaled-1.jpg 2000w\" sizes=\"(max-width: 1024px) 100vw, 1024px\" \/><\/figure>\n\n\n\n<p class=\"has-black-color has-text-color has-medium-font-size\">Bienes Inmuebles<\/p>\n\n\n\n<p class=\"has-text-color\" style=\"color:#7a7a7a\">Lotes<\/p>\n\n\n\n<p class=\"has-text-color\" style=\"color:#7a7a7a\">Casas<\/p>\n\n\n\n<p>Apartamentos<\/p>\n\n\n\n<p>Locales<\/p>\n\n\n\n<p>Bodegas<\/p>\n\n\n\n<p>Edifcios<\/p>\n\n\n\n<p>Fincas<\/p>\n\n\n\n<p><\/p>\n<\/div>\n\n\n\n<div class=\"wp-block-column is-layout-flow wp-block-column-is-layout-flow\">\n<figure class=\"wp-block-image size-large is-resized\"><img decoding=\"async\" loading=\"lazy\" width=\"1024\" height=\"768\" src=\"https:\/\/ccv-avaluos.com\/wp-content\/uploads\/2024\/01\/IMG_20200626_093234-1024x768.jpg\" alt=\"\" class=\"wp-image-126\" style=\"aspect-ratio:1.3333333333333333;width:292px;height:auto\" srcset=\"https:\/\/ccv-avaluos.com\/wp-content\/uploads\/2024\/01\/IMG_20200626_093234-1024x768.jpg 1024w, https:\/\/ccv-avaluos.com\/wp-content\/uploads\/2024\/01\/IMG_20200626_093234-300x225.jpg 300w, https:\/\/ccv-avaluos.com\/wp-content\/uploads\/2024\/01\/IMG_20200626_093234-768x576.jpg 768w, https:\/\/ccv-avaluos.com\/wp-content\/uploads\/2024\/01\/IMG_20200626_093234-1536x1152.jpg 1536w, https:\/\/ccv-avaluos.com\/wp-content\/uploads\/2024\/01\/IMG_20200626_093234-2048x1536.jpg 2048w, https:\/\/ccv-avaluos.com\/wp-content\/uploads\/2024\/01\/IMG_20200626_093234-2000x1500.jpg 2000w\" sizes=\"(max-width: 1024px) 100vw, 1024px\" \/><\/figure>\n\n\n\n<p class=\"has-black-color has-text-color has-medium-font-size\">Maquinaria y Equipo<\/p>\n\n\n\n<p class=\"has-text-color\" style=\"color:#7a7a7a\">Muebles y enseres<\/p>\n\n\n\n<p>Equipo de computo<\/p>\n\n\n\n<p>Maquinaria Amarilla<\/p>\n\n\n\n<p>Veh\u00edculos<\/p>\n\n\n\n<p>Plantas el\u00e9ctricas<\/p>\n\n\n\n<p>Hornos<\/p>\n\n\n\n<p>Mezcladoras<\/p>\n<\/div>\n\n\n\n<div class=\"wp-block-column is-layout-flow wp-block-column-is-layout-flow\">\n<figure class=\"wp-block-image size-large\"><img decoding=\"async\" loading=\"lazy\" width=\"1024\" height=\"576\" src=\"http:\/\/ccv-avaluos.com\/wp-content\/uploads\/2024\/01\/WhatsApp-Image-2024-01-10-at-6.48.20-PM-1024x576.jpeg\" alt=\"\" class=\"wp-image-162\" srcset=\"https:\/\/ccv-avaluos.com\/wp-content\/uploads\/2024\/01\/WhatsApp-Image-2024-01-10-at-6.48.20-PM-1024x576.jpeg 1024w, https:\/\/ccv-avaluos.com\/wp-content\/uploads\/2024\/01\/WhatsApp-Image-2024-01-10-at-6.48.20-PM-300x169.jpeg 300w, https:\/\/ccv-avaluos.com\/wp-content\/uploads\/2024\/01\/WhatsApp-Image-2024-01-10-at-6.48.20-PM-768x432.jpeg 768w, https:\/\/ccv-avaluos.com\/wp-content\/uploads\/2024\/01\/WhatsApp-Image-2024-01-10-at-6.48.20-PM-1536x864.jpeg 1536w, https:\/\/ccv-avaluos.com\/wp-content\/uploads\/2024\/01\/WhatsApp-Image-2024-01-10-at-6.48.20-PM.jpeg 1600w\" sizes=\"(max-width: 1024px) 100vw, 1024px\" \/><\/figure>\n\n\n\n<p class=\"has-black-color has-text-color has-medium-font-size\">Especiales<\/p>\n\n\n\n<p>Valoraci\u00f3n de empresas<\/p>\n\n\n\n<p class=\"has-text-color\" style=\"color:#7a7a7a\">Minas<\/p>\n\n\n\n<p>Servidumbres<\/p>\n\n\n\n<p>Aeronaves<\/p>\n\n\n\n<p>Embarcaciones<\/p>\n\n\n\n<p>Intangibles<\/p>\n\n\n\n<p>Obras de arte<\/p>\n\n\n\n<p>Joyer\u00eda<\/p>\n<\/div>\n<\/div>\n\n\n\n<h3 class=\"wp-block-heading has-large-font-size\" id=\"inspiro-is-a-digital-product-agency-that-focuses-on-strategy-and-desig\" style=\"font-weight:300\">Vuelos con Drone!<\/h3>\n\n\n\n<figure class=\"wp-block-video\"><video controls src=\"https:\/\/ccv-avaluos.com\/wp-content\/uploads\/2024\/01\/WhatsApp-Video-2024-01-10-at-5.37.36-PM.mp4\"><\/video><\/figure>\n","protected":false},"excerpt":{"rendered":"<p>Podemos valorarlo todo! Bienes Inmuebles Lotes Casas Apartamentos Locales Bodegas Edifcios Fincas Maquinaria y Equipo Muebles y enseres Equipo de computo Maquinaria Amarilla Veh\u00edculos Plantas el\u00e9ctricas Hornos Mezcladoras Especiales Valoraci\u00f3n de empresas Minas Servidumbres Aeronaves Embarcaciones Intangibles Obras de arte Joyer\u00eda Vuelos con Drone!<\/p>\n","protected":false},"author":1,"featured_media":161,"parent":0,"menu_order":0,"comment_status":"closed","ping_status":"closed","template":"","meta":{"om_disable_all_campaigns":false,"_monsterinsights_skip_tracking":false,"_monsterinsights_sitenote_active":false,"_monsterinsights_sitenote_note":"","_monsterinsights_sitenote_category":0,"footnotes":""},"aioseo_notices":[],"_links":{"self":[{"href":"https:\/\/ccv-avaluos.com\/index.php\/wp-json\/wp\/v2\/pages\/12"}],"collection":[{"href":"https:\/\/ccv-avaluos.com\/index.php\/wp-json\/wp\/v2\/pages"}],"about":[{"href":"https:\/\/ccv-avaluos.com\/index.php\/wp-json\/wp\/v2\/types\/page"}],"author":[{"embeddable":true,"href":"https:\/\/ccv-avaluos.com\/index.php\/wp-json\/wp\/v2\/users\/1"}],"replies":[{"embeddable":true,"href":"https:\/\/ccv-avaluos.com\/index.php\/wp-json\/wp\/v2\/comments?post=12"}],"version-history":[{"count":14,"href":"https:\/\/ccv-avaluos.com\/index.php\/wp-json\/wp\/v2\/pages\/12\/revisions"}],"predecessor-version":[{"id":197,"href":"https:\/\/ccv-avaluos.com\/index.php\/wp-json\/wp\/v2\/pages\/12\/revisions\/197"}],"wp:featuredmedia":[{"embeddable":true,"href":"https:\/\/ccv-avaluos.com\/index.php\/wp-json\/wp\/v2\/media\/161"}],"wp:attachment":[{"href":"https:\/\/ccv-avaluos.com\/index.php\/wp-json\/wp\/v2\/media?parent=12"}],"curies":[{"name":"wp","href":"https:\/\/api.w.org\/{rel}","templated":true}]}}