{"id":11,"date":"2023-10-17T17:11:51","date_gmt":"2023-10-17T22:11:51","guid":{"rendered":"https:\/\/ccv-avaluos.com\/?page_id=11"},"modified":"2024-01-10T19:30:39","modified_gmt":"2024-01-11T00:30:39","slug":"hermosos-portafolios-para-creativos-excepcionales","status":"publish","type":"page","link":"https:\/\/ccv-avaluos.com\/","title":{"rendered":"Para Valorar tus Sue\u00f1os!"},"content":{"rendered":"\n<p class=\"has-large-font-size\">13 CATEGOR\u00cdAS RAA &#8211; PODEMOS VALORARLO TODO!    <\/p>\n\n\n\n<div class=\"wp-block-group alignfull has-background is-layout-flow wp-block-group-is-layout-flow\" style=\"background-color:#e5e9ec\"><div class=\"wp-block-group__inner-container\">\n<div class=\"wp-block-columns is-layout-flex wp-container-4 wp-block-columns-is-layout-flex\">\n<div class=\"wp-block-column is-vertically-aligned-center is-layout-flow wp-block-column-is-layout-flow\">\n<h2 class=\"wp-block-heading\">Acerca de Nosotros<\/h2>\n\n\n\n<p>Somos una empresa que realiza un servicio integral, \u00e1gil y confiable en todo lo relacionado con la valoraci\u00f3n de inmuebles, activos, maquinaria y equipos. Contamos con experiencia de m\u00e1s de diez (10) a\u00f1os en el campo, para ofrecerle a nuestros clientes servicios con la m\u00e1s alta calidad y con la m\u00e1xima confidencialidad en el manejo de la informaci\u00f3n y datos.<\/p>\n\n\n\n<div class=\"wp-block-buttons is-horizontal is-content-justification-left is-layout-flex wp-container-1 wp-block-buttons-is-layout-flex\">\n<div class=\"wp-block-button is-style-outline\"><a class=\"wp-block-button__link wp-element-button\" href=\"https:\/\/ccv-avaluos.com\/index.php\/contacto\/\">CONT\u00c1CTANOS<\/a><\/div>\n<\/div>\n\n\n\n<p><\/p>\n<\/div>\n\n\n\n<div class=\"wp-block-column is-layout-flow wp-block-column-is-layout-flow\">\n<div style=\"height:48px\" aria-hidden=\"true\" class=\"wp-block-spacer\"><\/div>\n\n\n\n<figure class=\"wp-block-image size-large is-resized\"><img decoding=\"async\" loading=\"lazy\" width=\"1024\" height=\"613\" src=\"http:\/\/ccv-avaluos.com\/wp-content\/uploads\/2024\/01\/cropped-IMG_20201021_134305-scaled-1-1024x613.jpg\" alt=\"\" class=\"wp-image-151\" srcset=\"https:\/\/ccv-avaluos.com\/wp-content\/uploads\/2024\/01\/cropped-IMG_20201021_134305-scaled-1-1024x613.jpg 1024w, https:\/\/ccv-avaluos.com\/wp-content\/uploads\/2024\/01\/cropped-IMG_20201021_134305-scaled-1-300x180.jpg 300w, https:\/\/ccv-avaluos.com\/wp-content\/uploads\/2024\/01\/cropped-IMG_20201021_134305-scaled-1-768x460.jpg 768w, https:\/\/ccv-avaluos.com\/wp-content\/uploads\/2024\/01\/cropped-IMG_20201021_134305-scaled-1-1536x920.jpg 1536w, https:\/\/ccv-avaluos.com\/wp-content\/uploads\/2024\/01\/cropped-IMG_20201021_134305-scaled-1.jpg 2000w\" sizes=\"(max-width: 1024px) 100vw, 1024px\" \/><\/figure>\n<\/div>\n<\/div>\n<\/div><\/div>\n\n\n\n<div class=\"wp-block-group alignfull is-layout-flow wp-block-group-is-layout-flow\"><div class=\"wp-block-group__inner-container\">\n<div class=\"wp-block-columns are-vertically-aligned-center is-layout-flex wp-container-9 wp-block-columns-is-layout-flex\">\n<div class=\"wp-block-column is-vertically-aligned-center is-layout-flow wp-block-column-is-layout-flow\">\n<div style=\"height:48px\" aria-hidden=\"true\" class=\"wp-block-spacer\"><\/div>\n\n\n\n<figure class=\"wp-block-image size-large is-resized\"><img decoding=\"async\" loading=\"lazy\" width=\"1024\" height=\"766\" src=\"https:\/\/ccv-avaluos.com\/wp-content\/uploads\/2024\/01\/WhatsApp-Image-2022-02-02-at-2.21.53-PM-1-1024x766.jpeg\" alt=\"\" class=\"wp-image-132\" srcset=\"https:\/\/ccv-avaluos.com\/wp-content\/uploads\/2024\/01\/WhatsApp-Image-2022-02-02-at-2.21.53-PM-1-1024x766.jpeg 1024w, https:\/\/ccv-avaluos.com\/wp-content\/uploads\/2024\/01\/WhatsApp-Image-2022-02-02-at-2.21.53-PM-1-300x224.jpeg 300w, https:\/\/ccv-avaluos.com\/wp-content\/uploads\/2024\/01\/WhatsApp-Image-2022-02-02-at-2.21.53-PM-1-768x575.jpeg 768w, https:\/\/ccv-avaluos.com\/wp-content\/uploads\/2024\/01\/WhatsApp-Image-2022-02-02-at-2.21.53-PM-1-1536x1149.jpeg 1536w, https:\/\/ccv-avaluos.com\/wp-content\/uploads\/2024\/01\/WhatsApp-Image-2022-02-02-at-2.21.53-PM-1.jpeg 1600w\" sizes=\"(max-width: 1024px) 100vw, 1024px\" \/><\/figure>\n<\/div>\n\n\n\n<div class=\"wp-block-column is-vertically-aligned-center is-layout-flow wp-block-column-is-layout-flow\">\n<h2 class=\"wp-block-heading\">Nuestros Servicios<\/h2>\n\n\n\n<ul>\n<li>Aval\u00faos bienes inmuebles<\/li>\n\n\n\n<li>Aval\u00faos bienes muebles<\/li>\n\n\n\n<li>Aval\u00faos de maquinaria y equipo<\/li>\n\n\n\n<li>Aval\u00faos especiales<\/li>\n\n\n\n<li>Valoraci\u00f3n de empresas<\/li>\n<\/ul>\n\n\n\n<div class=\"wp-block-buttons is-layout-flex wp-block-buttons-is-layout-flex\">\n<div class=\"wp-block-button is-style-outline\"><a class=\"wp-block-button__link wp-element-button\" href=\"https:\/\/ccv-avaluos.com\/index.php\/acerca-de\/\">SERVICIOS AVAL\u00daOS<\/a><\/div>\n<\/div>\n<\/div>\n<\/div>\n<\/div><\/div>\n\n\n\n<div class=\"wp-block-group alignfull has-black-background-color has-background is-layout-flow wp-block-group-is-layout-flow\"><div class=\"wp-block-group__inner-container\">\n<h2 class=\"wp-block-heading has-text-align-center has-white-color has-text-color has-x-large-font-size\"><strong>Equipos<\/strong><\/h2>\n\n\n\n<figure class=\"wp-block-gallery aligncenter has-nested-images columns-default is-cropped wp-block-gallery-11 is-layout-flex wp-block-gallery-is-layout-flex\">\n<figure class=\"wp-block-image size-full\"><img decoding=\"async\" loading=\"lazy\" width=\"341\" height=\"431\" src=\"https:\/\/ccv-avaluos.com\/wp-content\/uploads\/2024\/01\/Estacion-total.png\" alt=\"\" class=\"wp-image-140\" srcset=\"https:\/\/ccv-avaluos.com\/wp-content\/uploads\/2024\/01\/Estacion-total.png 341w, https:\/\/ccv-avaluos.com\/wp-content\/uploads\/2024\/01\/Estacion-total-237x300.png 237w\" sizes=\"(max-width: 341px) 100vw, 341px\" \/><\/figure>\n\n\n\n<figure class=\"wp-block-image size-large\"><img decoding=\"async\" loading=\"lazy\" width=\"768\" height=\"1024\" src=\"https:\/\/ccv-avaluos.com\/wp-content\/uploads\/2024\/01\/WhatsApp-Image-2024-01-10-at-5.37.36-PM-768x1024.jpeg\" alt=\"\" class=\"wp-image-136\" srcset=\"https:\/\/ccv-avaluos.com\/wp-content\/uploads\/2024\/01\/WhatsApp-Image-2024-01-10-at-5.37.36-PM-768x1024.jpeg 768w, https:\/\/ccv-avaluos.com\/wp-content\/uploads\/2024\/01\/WhatsApp-Image-2024-01-10-at-5.37.36-PM-225x300.jpeg 225w, https:\/\/ccv-avaluos.com\/wp-content\/uploads\/2024\/01\/WhatsApp-Image-2024-01-10-at-5.37.36-PM.jpeg 780w\" sizes=\"(max-width: 768px) 100vw, 768px\" \/><\/figure>\n\n\n\n<figure class=\"wp-block-image size-large\"><img decoding=\"async\" loading=\"lazy\" width=\"1024\" height=\"676\" src=\"https:\/\/ccv-avaluos.com\/wp-content\/uploads\/2024\/01\/leica-1-1024x676.jpg\" alt=\"\" class=\"wp-image-142\" srcset=\"https:\/\/ccv-avaluos.com\/wp-content\/uploads\/2024\/01\/leica-1-1024x676.jpg 1024w, https:\/\/ccv-avaluos.com\/wp-content\/uploads\/2024\/01\/leica-1-300x198.jpg 300w, https:\/\/ccv-avaluos.com\/wp-content\/uploads\/2024\/01\/leica-1-768x507.jpg 768w, https:\/\/ccv-avaluos.com\/wp-content\/uploads\/2024\/01\/leica-1.jpg 1060w\" sizes=\"(max-width: 1024px) 100vw, 1024px\" \/><\/figure>\n\n\n\n<figure class=\"wp-block-image size-full\"><img decoding=\"async\" loading=\"lazy\" width=\"275\" height=\"183\" src=\"https:\/\/ccv-avaluos.com\/wp-content\/uploads\/2024\/01\/drone-pahntom4.jpg\" alt=\"\" class=\"wp-image-137\"\/><\/figure>\n\n\n\n<figure class=\"wp-block-image size-large\"><img decoding=\"async\" loading=\"lazy\" width=\"1024\" height=\"479\" src=\"https:\/\/ccv-avaluos.com\/wp-content\/uploads\/2024\/01\/gps-1024x479.jpg\" alt=\"\" class=\"wp-image-143\" srcset=\"https:\/\/ccv-avaluos.com\/wp-content\/uploads\/2024\/01\/gps-1024x479.jpg 1024w, https:\/\/ccv-avaluos.com\/wp-content\/uploads\/2024\/01\/gps-300x140.jpg 300w, https:\/\/ccv-avaluos.com\/wp-content\/uploads\/2024\/01\/gps-768x359.jpg 768w, https:\/\/ccv-avaluos.com\/wp-content\/uploads\/2024\/01\/gps.jpg 1200w\" sizes=\"(max-width: 1024px) 100vw, 1024px\" \/><\/figure>\n\n\n\n<figure class=\"wp-block-image size-full\"><img decoding=\"async\" loading=\"lazy\" width=\"311\" height=\"162\" src=\"https:\/\/ccv-avaluos.com\/wp-content\/uploads\/2024\/01\/mavic-air-2-1.jpg\" alt=\"\" class=\"wp-image-139\" srcset=\"https:\/\/ccv-avaluos.com\/wp-content\/uploads\/2024\/01\/mavic-air-2-1.jpg 311w, https:\/\/ccv-avaluos.com\/wp-content\/uploads\/2024\/01\/mavic-air-2-1-300x156.jpg 300w\" sizes=\"(max-width: 311px) 100vw, 311px\" \/><\/figure>\n<\/figure>\n<\/div><\/div>\n\n\n\n<div class=\"wp-block-cover alignfull is-light has-parallax is-position-center-center has-small-font-size\" style=\"min-height:375px\"><span aria-hidden=\"true\" class=\"wp-block-cover__background has-black-background-color has-background-dim-0 has-background-dim\"><\/span><div role=\"img\" class=\"wp-block-cover__image-background wp-image-35 has-parallax\" style=\"background-position:50% 50%;background-image:url(https:\/\/ccv-avaluos.com\/wp-content\/uploads\/2023\/10\/WhatsApp-Image-2023-10-17-at-5.49.00-PM-2.jpeg)\"><\/div><div class=\"wp-block-cover__inner-container is-layout-flow wp-block-cover-is-layout-flow\">\n<p class=\"has-text-align-center has-black-color has-text-color\" style=\"font-size:60px;line-height:1.1\"><strong>Topograf\u00eda<\/strong><\/p>\n\n\n\n<p class=\"has-text-align-center has-white-color has-text-color has-medium-font-size\"><\/p>\n\n\n\n<p class=\"has-white-color has-text-color has-medium-font-size\"><strong>PREGUNTA POR LOS SERVICIOS EN TOPOGRAF\u00cdA QUE PODEMOS OFRECERTE!<\/strong><\/p>\n\n\n\n<div style=\"height:39px\" aria-hidden=\"true\" class=\"wp-block-spacer\"><\/div>\n\n\n\n<div class=\"wp-block-buttons is-horizontal is-content-justification-center is-layout-flex wp-container-14 wp-block-buttons-is-layout-flex\">\n<div class=\"wp-block-button is-style-outline\"><a class=\"wp-block-button__link has-white-color has-text-color wp-element-button\" href=\"https:\/\/ccv-avaluos.com\/index.php\/topografia\/\">SERVICIOS EN TOPOGRAF\u00cdA<\/a><\/div>\n<\/div>\n<\/div><\/div>\n\n\n","protected":false},"excerpt":{"rendered":"<p>13 CATEGOR\u00cdAS RAA &#8211; PODEMOS VALORARLO TODO! Acerca de Nosotros Somos una empresa que realiza un servicio integral, \u00e1gil y confiable en todo lo relacionado con la valoraci\u00f3n de inmuebles, activos, maquinaria y equipos. Contamos con experiencia de m\u00e1s de diez (10) a\u00f1os en el campo, para ofrecerle a nuestros clientes servicios con la m\u00e1s &hellip; <\/p>\n<p class=\"link-more\"><a href=\"https:\/\/ccv-avaluos.com\/\" class=\"more-link\">Read more<span class=\"screen-reader-text\"> &#8220;Para Valorar tus Sue\u00f1os!&#8221;<\/span><\/a><\/p>\n","protected":false},"author":1,"featured_media":128,"parent":0,"menu_order":0,"comment_status":"closed","ping_status":"closed","template":"","meta":{"om_disable_all_campaigns":false,"_monsterinsights_skip_tracking":false,"_monsterinsights_sitenote_active":false,"_monsterinsights_sitenote_note":"","_monsterinsights_sitenote_category":0,"footnotes":"[]"},"aioseo_notices":[],"_links":{"self":[{"href":"https:\/\/ccv-avaluos.com\/index.php\/wp-json\/wp\/v2\/pages\/11"}],"collection":[{"href":"https:\/\/ccv-avaluos.com\/index.php\/wp-json\/wp\/v2\/pages"}],"about":[{"href":"https:\/\/ccv-avaluos.com\/index.php\/wp-json\/wp\/v2\/types\/page"}],"author":[{"embeddable":true,"href":"https:\/\/ccv-avaluos.com\/index.php\/wp-json\/wp\/v2\/users\/1"}],"replies":[{"embeddable":true,"href":"https:\/\/ccv-avaluos.com\/index.php\/wp-json\/wp\/v2\/comments?post=11"}],"version-history":[{"count":27,"href":"https:\/\/ccv-avaluos.com\/index.php\/wp-json\/wp\/v2\/pages\/11\/revisions"}],"predecessor-version":[{"id":192,"href":"https:\/\/ccv-avaluos.com\/index.php\/wp-json\/wp\/v2\/pages\/11\/revisions\/192"}],"wp:featuredmedia":[{"embeddable":true,"href":"https:\/\/ccv-avaluos.com\/index.php\/wp-json\/wp\/v2\/media\/128"}],"wp:attachment":[{"href":"https:\/\/ccv-avaluos.com\/index.php\/wp-json\/wp\/v2\/media?parent=11"}],"curies":[{"name":"wp","href":"https:\/\/api.w.org\/{rel}","templated":true}]}}